{"id":773,"date":"2020-06-07T23:20:59","date_gmt":"2020-06-07T21:20:59","guid":{"rendered":"https:\/\/schaefer-falter.de\/?page_id=773"},"modified":"2020-06-07T23:21:00","modified_gmt":"2020-06-07T21:21:00","slug":"work","status":"publish","type":"page","link":"https:\/\/schaefer-falter.de\/en\/work\/","title":{"rendered":"Work"},"content":{"rendered":"\n<p>Jedes unserer Projekte ist so individuell wie Sie als Mensch und Auftraggeber. Wir m\u00f6chten Sie kennenlernen, mit Ihren Bed\u00fcrfnissen, W\u00fcnschen und Anforderungen. Lassen Sie sich inspirieren und uns Innen- und Au\u00dfenr\u00e4ume entwickeln, die in Funktion und Gestaltung optimal zu Ihnen und den Gegebenheiten passen. Wir finden Formen, Farben und Materialien, die Ihre Pers\u00f6nlichkeit unterstreichen und Ihnen t\u00e4glich Freude bereiten.&nbsp;<\/p>\n\n\n\n<p>Unter Ber\u00fccksichtigung Ihres Budgets erstellen wir ma\u00dfhaltige Pl\u00e4ne und gehen dabei auch auf die M\u00f6blierung, Bepflanzung, Lichtgestaltung und Elektroplanung ein. Wir unterst\u00fctzen Sie bei der Auswahl der ausf\u00fchrenden Unternehmen, begleiten die Bauma\u00dfnahmen und k\u00fcmmern uns um die termin- und budgetgerechte Realisierung der einzelnen Gewerke.&nbsp;<\/p>\n\n\n\n<p>Wir beraten Sie bei der Auswahl von M\u00f6belst\u00fccken, Sanit\u00e4robjekten und Pflanzen. Wir helfen bei der Suche nach speziellen Vintage-St\u00fccken oder der Anfertigung von Individualm\u00f6beln. Auch bei der abschlie\u00dfenden Dekoration lassen wir Sie nicht alleine und unterst\u00fctzen von der Auswahl der Sofakissen bis hin zum Blumenarrangement.<\/p>\n","protected":false},"excerpt":{"rendered":"<p>Jedes unserer Projekte ist so individuell wie Sie als Mensch und Auftraggeber. Wir m\u00f6chten Sie kennenlernen, mit Ihren Bed\u00fcrfnissen, W\u00fcnschen und Anforderungen. Lassen Sie sich inspirieren und uns Innen- und Au\u00dfenr\u00e4ume entwickeln, die in Funktion und Gestaltung optimal zu Ihnen und den Gegebenheiten passen. Wir finden Formen, Farben und Materialien, die Ihre Pers\u00f6nlichkeit unterstreichen und&hellip;&nbsp;<a href=\"https:\/\/schaefer-falter.de\/en\/work\/\" class=\"\" rel=\"bookmark\">Read More &raquo;<span class=\"screen-reader-text\">Work<\/span><\/a><\/p>\n","protected":false},"author":1,"featured_media":0,"parent":0,"menu_order":0,"comment_status":"closed","ping_status":"closed","template":"","meta":{"neve_meta_sidebar":"","neve_meta_container":"","neve_meta_enable_content_width":"off","neve_meta_content_width":0,"neve_meta_title_alignment":"","neve_meta_author_avatar":"","neve_post_elements_order":"","neve_meta_disable_header":"","neve_meta_disable_footer":"","neve_meta_disable_title":"","spay_email":"","_locale":"en_GB","_original_post":"http:\/\/schaefer-falter.de\/?page_id=91"},"_links":{"self":[{"href":"https:\/\/schaefer-falter.de\/wp-json\/wp\/v2\/pages\/773"}],"collection":[{"href":"https:\/\/schaefer-falter.de\/wp-json\/wp\/v2\/pages"}],"about":[{"href":"https:\/\/schaefer-falter.de\/wp-json\/wp\/v2\/types\/page"}],"author":[{"embeddable":true,"href":"https:\/\/schaefer-falter.de\/wp-json\/wp\/v2\/users\/1"}],"replies":[{"embeddable":true,"href":"https:\/\/schaefer-falter.de\/wp-json\/wp\/v2\/comments?post=773"}],"version-history":[{"count":1,"href":"https:\/\/schaefer-falter.de\/wp-json\/wp\/v2\/pages\/773\/revisions"}],"predecessor-version":[{"id":774,"href":"https:\/\/schaefer-falter.de\/wp-json\/wp\/v2\/pages\/773\/revisions\/774"}],"wp:attachment":[{"href":"https:\/\/schaefer-falter.de\/wp-json\/wp\/v2\/media?parent=773"}],"curies":[{"name":"wp","href":"https:\/\/api.w.org\/{rel}","templated":true}]}}